{"id":50,"date":"2018-09-05T14:45:05","date_gmt":"2018-09-05T14:45:05","guid":{"rendered":"http:\/\/abogadalopezsaracho.es\/?page_id=50"},"modified":"2020-09-03T11:16:49","modified_gmt":"2020-09-03T11:16:49","slug":"politica-de-privacidad","status":"publish","type":"page","link":"https:\/\/abogadalopezsaracho.es\/?page_id=50","title":{"rendered":"Pol\u00edtica de privacidad"},"content":{"rendered":"<p><strong><u>POL\u00cdTICA DE PRIVACIDAD<\/u><\/strong><strong><u>&nbsp;<\/u><\/strong><\/p>\n<ol>\n<li><strong> General<\/strong><\/li>\n<\/ol>\n<p>La presente \u00ab<strong>Pol\u00edtica de Privacidad<\/strong>\u00bb&nbsp;recoge las reglas que rigen la recogida y tratamiento de datos personales por parte de MAR\u00cdA DEL CARMEN L\u00d3PEZ SARACHO a trav\u00e9s de esta p\u00e1gina web.<\/p>\n<p>MAR\u00cdA DEL CARMEN L\u00d3PEZ SARACHO garantiza que estas labores de recogida y tratamiento de datos cumplir\u00e1, en todo momento, la normativa vigente en materia de protecci\u00f3n de datos de car\u00e1cter personal.<\/p>\n<ol start=\"2\">\n<li><strong> Objeto<\/strong><strong>&nbsp;<\/strong><\/li>\n<\/ol>\n<p>La empresa MAR\u00cdA DEL CARMEN L\u00d3PEZ SARACHO cumple la Ley 34\/2002, de 11 de julio, de Servicios de la Sociedad de la Informaci\u00f3n y de Comercio Electr\u00f3nico (en adelante, \u201cLSSI\u201d), el Reglamento (EU) n\u00ba 2016\/679, de 27 de abril de 2016 (en adelante, RGPD), y adaptar\u00e1 su comportamiento a cualquier otra norma que venga a complementar o sustituir a las anteriores.<\/p>\n<p>La pol\u00edtica de privacidad afecta a todos los Usuarios que, mediante navegaci\u00f3n, accedan a los Servicios.<\/p>\n<ol start=\"3\">\n<li><strong> Responsable del Tratamiento<\/strong><\/li>\n<\/ol>\n<p>MAR\u00cdA DEL CARMEN L\u00d3PEZ SARACHO, con domicilio social en C\/ Hermanos Pinz\u00f3n, 35 1\u00ba1 04005 Almer\u00eda, con NIF: 45592092C, tel\u00e9fono 950274429 y direcci\u00f3n de correo electr\u00f3nico: ls2163@icaalmeria.com, &nbsp;ser\u00e1 responsable de los datos de car\u00e1cter personal recabados a trav\u00e9s la P\u00e1gina Web.<\/p>\n<p>El Usuario, en el momento de proceder a su registro en la&nbsp;<strong>P\u00e1gina Web y<\/strong> al aceptar estas condiciones, est\u00e1 otorgando su consentimiento expreso para que sus datos sean incorporados a ficheros y tratamientos creados y gestionados por MAR\u00cdA DEL CARMEN L\u00d3PEZ SARACHO.<\/p>\n<ol start=\"4\">\n<li><strong> Finalidades<\/strong><strong>&nbsp;<\/strong><\/li>\n<\/ol>\n<p>Los datos personales del interesado ser\u00e1n tratados con las siguientes finalidades:<\/p>\n<ol>\n<li>Gestionar sus datos con relaci\u00f3n a solicitudes de presupuestos.<\/li>\n<li>Gestionar sus datos con relaci\u00f3n a tramitar una cita para responder a consultas<\/li>\n<\/ol>\n<ol start=\"5\">\n<li><strong> Legitimaci\u00f3n<\/strong><\/li>\n<\/ol>\n<p>El registro en la&nbsp;<strong>P\u00e1gina Web es de forma <\/strong>libre y voluntaria para el Usuario, por lo que la base legitimadora del tratamiento de sus datos personales es su consentimiento afirmativo.<\/p>\n<ol start=\"6\">\n<li><strong> Usuarios<\/strong><\/li>\n<\/ol>\n<p>Los menores de 16 a\u00f1os no deben registrarse en la <strong>P\u00e1gina Web.<\/strong><\/p>\n<p>En caso de que el Usuario, en alg\u00fan momento posterior al registro, quisiera variar sus preferencias en cuanto a la recepci\u00f3n de comunicaciones, podr\u00e1 revocar su consentimiento o modificar su perfil realizando los cambios que considere oportunas. En todo momento, el Responsable del Tratamiento se comprometen a respetar la confidencialidad de sus Datos Personales.<\/p>\n<p>Respecto al ejercicio de derechos, el Usuario podr\u00e1 ejercer los derechos de acceso, rectificaci\u00f3n, cancelaci\u00f3n, oposici\u00f3n, supresi\u00f3n, limitaci\u00f3n y portabilidad, dirigi\u00e9ndose al Responsable de Tratamiento, a trav\u00e9s de correo electr\u00f3nico a la direcci\u00f3n&nbsp;<a href=\"mailto:ls2163@icaalmeria.com\">ls2163@icaalmeria.com<\/a>, desde la direcci\u00f3n de email que utiliz\u00f3 en el momento de registrarse, acreditando su identidad mediante su DNI o documento equivalente, y especificando el derecho que desea ejercer. Se recomienda que el Usuario facilite toda la informaci\u00f3n sobre los Servicios que utiliza o ha utilizado, as\u00ed como los datos personales que facilit\u00f3 en el momento de registrarse para poder atender adecuadamente su solicitud.<\/p>\n<p>El Usuario podr\u00e1 adem\u00e1s enviar al&nbsp;correo electr\u00f3nico <a href=\"mailto:ls2163@icaalmeria.com\">ls2163@icaalmeria.com<\/a>,&nbsp;sus dudas, sugerencias o reclamaciones, as\u00ed como manifestar una queja o reclamaci\u00f3n ante la Agencia Espa\u00f1ola de Protecci\u00f3n de Datos.<\/p>\n<ol start=\"7\">\n<li><strong> Tipos de datos recogidos a trav\u00e9s de la p\u00e1gina web<\/strong><\/li>\n<\/ol>\n<p>MAR\u00cdA DEL CARMEN L\u00d3PEZ SARACHO recoger\u00e1 los datos personales del usuario a trav\u00e9s de las siguientes fuentes:<\/p>\n<ol start=\"4\">\n<li>Formulario: El Usuario que desee utilizar los formularios de presupuestos y consultas, deber\u00e1 facilitar los datos requeridos en el formulario habilitado al efecto. Toda la informaci\u00f3n facilitada ser\u00e1 tratada para cada Usuario, y utilizada con los fines indicados anteriormente, en el punto n\u00famero 4.<\/li>\n<li>Informaci\u00f3n recogida a trav\u00e9s del uso de los Servicios: Todos los datos obtenidos mediante la navegaci\u00f3n est\u00e1n detallados en la Pol\u00edtica de cookies.<\/li>\n<\/ol>\n<p>Los Usuarios responder\u00e1n, en cualquier caso, de la veracidad de los datos facilitados y se hacen responsables de comunicar a MAR\u00cdA DEL CARMEN L\u00d3PEZ SARACHO cualquier modificaci\u00f3n en los mismos a trav\u00e9s del correo&nbsp;ls2163@icaalmeria.com, quedando MAR\u00cdA DEL CARMEN L\u00d3PEZ SARACHO exenta de cualquier tipo de responsabilidad en caso contrario.<\/p>\n<ol start=\"8\">\n<li><strong> Cesiones de datos<\/strong><strong>&nbsp;<\/strong><\/li>\n<\/ol>\n<p>En ning\u00fan caso, los datos personales se ceder\u00e1n por parte de MAR\u00cdA DEL CARMEN L\u00d3PEZ SARACHO a Terceros sin el previo consentimiento de los Usuarios.<strong>&nbsp;<\/strong><\/p>\n<ol start=\"9\">\n<li><strong> Plazo de conservaci\u00f3n de los datos<\/strong><strong>&nbsp;<\/strong><\/li>\n<\/ol>\n<p>Los datos personales se conservar\u00e1n por el tiempo necesario para ejecutarse la finalidad o se solicite la supresi\u00f3n por el interesado.<\/p>\n<ol start=\"10\">\n<li><strong> Modificaci\u00f3n de la pol\u00edtica de privacidad<\/strong><strong>&nbsp;<\/strong><\/li>\n<\/ol>\n<p>MAR\u00cdA DEL CARMEN L\u00d3PEZ SARACHO se reserva el derecho a modificar, en cualquier momento, la presente Pol\u00edtica de Privacidad comprometi\u00e9ndose a comunicar las nuevas condiciones que se han introducido.<\/p>\n","protected":false},"excerpt":{"rendered":"<p>POL\u00cdTICA DE PRIVACIDAD&nbsp; General La presente \u00abPol\u00edtica de Privacidad\u00bb&nbsp;recoge las reglas que rigen la recogida y tratamiento de datos personales por parte de MAR\u00cdA DEL CARMEN L\u00d3PEZ SARACHO a trav\u00e9s de esta p\u00e1gina web. MAR\u00cdA DEL CARMEN L\u00d3PEZ SARACHO garantiza que estas labores de recogida y tratamiento de datos cumplir\u00e1, en todo momento, la normativa [&hellip;]<\/p>\n","protected":false},"author":1,"featured_media":0,"parent":0,"menu_order":0,"comment_status":"closed","ping_status":"closed","template":"","meta":{"footnotes":""},"class_list":["post-50","page","type-page","status-publish","hentry"],"aioseo_notices":[],"_links":{"self":[{"href":"https:\/\/abogadalopezsaracho.es\/index.php?rest_route=\/wp\/v2\/pages\/50"}],"collection":[{"href":"https:\/\/abogadalopezsaracho.es\/index.php?rest_route=\/wp\/v2\/pages"}],"about":[{"href":"https:\/\/abogadalopezsaracho.es\/index.php?rest_route=\/wp\/v2\/types\/page"}],"author":[{"embeddable":true,"href":"https:\/\/abogadalopezsaracho.es\/index.php?rest_route=\/wp\/v2\/users\/1"}],"replies":[{"embeddable":true,"href":"https:\/\/abogadalopezsaracho.es\/index.php?rest_route=%2Fwp%2Fv2%2Fcomments&post=50"}],"version-history":[{"count":1,"href":"https:\/\/abogadalopezsaracho.es\/index.php?rest_route=\/wp\/v2\/pages\/50\/revisions"}],"predecessor-version":[{"id":51,"href":"https:\/\/abogadalopezsaracho.es\/index.php?rest_route=\/wp\/v2\/pages\/50\/revisions\/51"}],"wp:attachment":[{"href":"https:\/\/abogadalopezsaracho.es\/index.php?rest_route=%2Fwp%2Fv2%2Fmedia&parent=50"}],"curies":[{"name":"wp","href":"https:\/\/api.w.org\/{rel}","templated":true}]}}